{"id":142,"date":"2024-11-06T17:53:41","date_gmt":"2024-11-06T16:53:41","guid":{"rendered":"https:\/\/blc.laborumgebung.de\/unternehmen\/"},"modified":"2025-04-14T19:04:17","modified_gmt":"2025-04-14T17:04:17","slug":"companies","status":"publish","type":"page","link":"https:\/\/lukossek-consulting.de\/en\/companies\/","title":{"rendered":"Companies"},"content":{"rendered":"    <article>\n\t\t<div class=\"img-wrap\">\n\t\t\t<img loading=\"lazy\" decoding=\"async\" width=\"663\" height=\"304\" src=\"https:\/\/lukossek-consulting.de\/wp-content\/uploads\/2024\/11\/barbara-lukossek-consulting-1.jpg\" class=\"attachment-full size-full\" alt=\"\" srcset=\"https:\/\/lukossek-consulting.de\/wp-content\/uploads\/2024\/11\/barbara-lukossek-consulting-1.jpg 663w, https:\/\/lukossek-consulting.de\/wp-content\/uploads\/2024\/11\/barbara-lukossek-consulting-1-300x138.jpg 300w\" sizes=\"auto, (max-width: 663px) 100vw, 663px\" \/>\t\t<\/div>\t\t\t\n\t<\/article>\n\n<article class=\"\">\n\t<h2>You search<\/h2>\n<p>Are you looking for the perfect assistant, office manager, or administrative professional?<\/p>\n<h2>We find<\/h2>\n<p>We find the ideal assistant for you, someone who thinks proactively, seamlessly organizes meetings and travel, drafts correspondence, prepares discussions, takes calls, and manages projects. Someone who excels in everything that eases your workload and allows you to focus on what matters most.<\/p>\n<p>And what sets them apart is the remarkable power we call charm.<\/p>\n<h2>We connect<\/h2>\n<p>We connect what belongs together.<\/p>\n<p>From the initial contact to the contract signing and onboarding, we guide the entire process to ensure a successful collaboration. We don\u2019t just match skills\u2014we bring together people who truly fit.<\/p>\n<p>Our greatest joy comes from successfully connecting people who share the same values and can complement and build on each other&#8217;s ideas.<\/p>\n<p>&nbsp;<\/p>\n<\/article> \n\n<article class=\"accordion\">\n\t     <div class=\"accordion-headline\">Referentin \/ Projektmanagerin, M\u00fcnchen \u2013 strukturiert und agil<\/div>                                   \n      <div class=\"accordion-panel\">                                    \n        <div class=\"text-wrap\">\n\t\t\t<p>Studium und langj\u00e4hrige Berufserfahrung als Executive Assistant und Projekt-Managerin sucht Position auf selbst\u00e4ndiger und \/ oder angestellter Basis im Bereich Projektentwicklung \/-steuerung oder als Referentin im internationalen Umfeld.<\/p>\n<p>Gehalt \u20ac 85.000 -90.000 p. a. \/ Verf\u00fcgbarkeit zeitnah<\/p>\n\t\t<\/div>                                          \n     <\/div> \n         <div class=\"accordion-headline\">Executive Assistant \u2013 professionell und dienstleistend<\/div>                                   \n      <div class=\"accordion-panel\">                                    \n        <div class=\"text-wrap\">\n\t\t\t<p>Kaufm\u00e4nnische Ausbildung, Sprachenschule und 15 Jahre Berufserfahrung als Assistentin auf F\u00fchrungsebene sucht neuen Wirkungskreis in einem internationalen Unternehmen, vorzugsweise Konzern.<\/p>\n<p>Gehalt \u20ac 80.000 \u2013 85.000 p. a. \/ Verf\u00fcgbarkeit innerhalb von 3 Monaten<\/p>\n\t\t<\/div>                                          \n     <\/div> \n         <div class=\"accordion-headline\">Management Assistentin \u2013 international erfahren<\/div>                                   \n      <div class=\"accordion-panel\">                                    \n        <div class=\"text-wrap\">\n\t\t\t<p>Studium und langj\u00e4hrige Berufserfahrung als Assistentin und Office Managerin auf F\u00fchrungsebene und im Family Office sucht neuen Wirkungskreis in einem Inhaber-gef\u00fchrten Unternehmen oder im Family Office.<\/p>\n<p>Gehalt \u20ac 90.000 \u2013 95.000 p. a. \/ Verf\u00fcgbarkeit zeitnah<\/p>\n\t\t<\/div>                                          \n     <\/div> \n         <div class=\"accordion-headline\">Privat-Assistenz \u2013 diskret und loyal<\/div>                                   \n      <div class=\"accordion-panel\">                                    \n        <div class=\"text-wrap\">\n\t\t\t<p>Ausbildung zur Rechtsanwaltsfachangestellten, 25 Jahre Berufserfahrung als pers\u00f6nliche-Assistenz in KMU Unternehmen unterschiedlicher Branchen sucht fordernde Aufgabe im Family Office oder als pers\u00f6nliche Assistenz.<\/p>\n<p>Gehalt \u20ac 100.000 p.a. \/ Verf\u00fcgbarkeit zeitnah<\/p>\n\t\t<\/div>                                          \n     <\/div> \n         <div class=\"accordion-headline\">Interim-Assistenz, M\u00fcnchen &#8211; flexibel und ambitioniert <\/div>                                   \n      <div class=\"accordion-panel\">                                    \n        <div class=\"text-wrap\">\n\t\t\t<p>Kaufm\u00e4nnische Ausbildung, 20 Jahre Berufserfahrung als Management-Assistenz in unterschiedlichen Branchen und Unternehmen hat freie Kapazit\u00e4ten.<\/p>\n<p>Honorar auf Stunden-\/Tagesbasis \/ Verf\u00fcgbarkeit sofort<\/p>\n\t\t<\/div>                                          \n     <\/div> \n         <div class=\"accordion-headline\">Teilzeit-Assistenz \u2013 sorgf\u00e4ltig und pflichtbewusst<\/div>                                   \n      <div class=\"accordion-panel\">                                    \n        <div class=\"text-wrap\">\n\t\t\t<p>Kaufm\u00e4nnische Ausbildung, 20 Jahre Berufserfahrung als Assistentin und Referentin der Gesch\u00e4ftsf\u00fchrung sucht Teilzeit-Stelle im \u00f6stlichen Landkreis<\/p>\n<p>Gehalt 65.000 p.a. \/ bei 40 Stunden \/ Woche \/ Verf\u00fcgbarkeit sofort<\/p>\n\t\t<\/div>                                          \n     <\/div> \n         <div class=\"accordion-headline\">Teilzeit-Finanzbuchhalterin f\u00fcr 28-30 Stunden \/ Woche &#8211; strukturiert<\/div>                                   \n      <div class=\"accordion-panel\">                                    \n        <div class=\"text-wrap\">\n\t\t\t<p>B\u00fcrokauffrau und Finanzbuchhalterin sucht Position in der Buchhaltung mit einem breiten Aufgabenspektrum, vorzugsweise im Zentrum von M\u00fcnchen.<\/p>\n<p>Gehalt 60.000 p.a. \/ bei 40 Stunden \/ Woche \/ Verf\u00fcgbarkeit in 6-8 \u00a0Wochen<\/p>\n\t\t<\/div>                                          \n     <\/div> \n    <\/article>","protected":false},"excerpt":{"rendered":"","protected":false},"author":6,"featured_media":0,"parent":0,"menu_order":0,"comment_status":"closed","ping_status":"closed","template":"","meta":{"_acf_changed":false,"footnotes":""},"class_list":["post-142","page","type-page","status-publish","hentry"],"acf":[],"_links":{"self":[{"href":"https:\/\/lukossek-consulting.de\/en\/wp-json\/wp\/v2\/pages\/142","targetHints":{"allow":["GET"]}}],"collection":[{"href":"https:\/\/lukossek-consulting.de\/en\/wp-json\/wp\/v2\/pages"}],"about":[{"href":"https:\/\/lukossek-consulting.de\/en\/wp-json\/wp\/v2\/types\/page"}],"author":[{"embeddable":true,"href":"https:\/\/lukossek-consulting.de\/en\/wp-json\/wp\/v2\/users\/6"}],"replies":[{"embeddable":true,"href":"https:\/\/lukossek-consulting.de\/en\/wp-json\/wp\/v2\/comments?post=142"}],"version-history":[{"count":5,"href":"https:\/\/lukossek-consulting.de\/en\/wp-json\/wp\/v2\/pages\/142\/revisions"}],"predecessor-version":[{"id":303,"href":"https:\/\/lukossek-consulting.de\/en\/wp-json\/wp\/v2\/pages\/142\/revisions\/303"}],"wp:attachment":[{"href":"https:\/\/lukossek-consulting.de\/en\/wp-json\/wp\/v2\/media?parent=142"}],"curies":[{"name":"wp","href":"https:\/\/api.w.org\/{rel}","templated":true}]}}